{"id":2032,"date":"2021-04-21T16:34:03","date_gmt":"2021-04-21T15:34:03","guid":{"rendered":"https:\/\/wpmanager.buffet-group.com\/schreiber\/?page_id=2032"},"modified":"2021-10-25T16:19:06","modified_gmt":"2021-10-25T15:19:06","slug":"our-story-2","status":"publish","type":"page","link":"https:\/\/www.w-schreiber.com\/en\/our-story-2\/","title":{"rendered":"Our story"},"content":{"rendered":"<p>\t\t\t<!-- Cool Timeline PRO V4.9.1 --><\/p>\n<div class=\"ctl-wrapper\" role=\"region\" aria-label=\"Timeline\">\n<div id=\"cool_timeline_1\" class=\"cool-timeline-wrapper ctl-both-sided ctl-vertical-wrapper ctl-design-3 light-skin\" data-nav=\"show\" data-line-filling=\"false\" data-nav-pos=\"right\" data-nav-style=\"style-1\">\n<div class=\"ctl-start\"><\/div>\n<p>\t\t\t\t\t<!-- Timeline Container --><\/p>\n<div class=\"ctl-timeline ctl-timeline-container\" data-animation=\"slide-down\" aria-live=\"polite\">\n\t\t\t\t\t\t<!-- Center Line --><\/p>\n<div class=\"ctl-inner-line\" role=\"presentation\"><\/div>\n<p>\t\t\t\t\t\t<!-- Timeline Content --><\/p>\n<div id=\"ctl-story-2285\" class=\"ctl-story ctl-story-icon odd ctl-story-left\" data-story-index=\"1\" role=\"article\"><!-- Story Icon --><\/p>\n<div class=\"ctl-icon\"><i class=\"fa fa-clock-o\" aria-hidden=\"true\"><\/i><\/div>\n<p> <!-- Story Arrow --><\/p>\n<div class=\"ctl-arrow\"><\/div>\n<p>\t\t\t<!-- Story Content --><\/p>\n<div class=\"ctl-content\"><!-- Story Title --> <\/p>\n<div class=\"ctl-title story-2285\" role=\"heading\" aria-level=\"2\"><a target=\"_self\" title=\"1946\" href=\"https:\/\/www.w-schreiber.com\/en\/timeline\/1946\/\" class=\"story-link\">1946<\/a><\/div>\n<p><!-- Story Media --><\/p>\n<div class=\"ctl-media full\"><a data-glightbox=\"1946\" href=\"https:\/\/wpmanager.buffet-group.com\/schreiber\/wp-content\/uploads\/sites\/12\/1950\/03\/ws.jpg\" class=\"ctl_glightbox\"><img loading=\"lazy\" decoding=\"async\" width=\"650\" height=\"400\" src=\"https:\/\/wpmanager.buffet-group.com\/schreiber\/wp-content\/uploads\/sites\/12\/1950\/03\/ws.jpg\" class=\"story-img wp-post-image\" alt=\"1946\" srcset=\"https:\/\/wpmanager.buffet-group.com\/schreiber\/wp-content\/uploads\/sites\/12\/1950\/03\/ws.jpg 650w, https:\/\/wpmanager.buffet-group.com\/schreiber\/wp-content\/uploads\/sites\/12\/1950\/03\/ws-300x185.jpg 300w, https:\/\/wpmanager.buffet-group.com\/schreiber\/wp-content\/uploads\/sites\/12\/1950\/03\/ws-633x390.jpg 633w, https:\/\/wpmanager.buffet-group.com\/schreiber\/wp-content\/uploads\/sites\/12\/1950\/03\/ws-210x129.jpg 210w, https:\/\/wpmanager.buffet-group.com\/schreiber\/wp-content\/uploads\/sites\/12\/1950\/03\/ws-245x151.jpg 245w\" sizes=\"auto, (max-width: 650px) 100vw, 650px\" \/><\/a><\/div>\n<p><!-- Story Description --><\/p>\n<div class=\"ctl-description\">\n<p>Gr\u00fcndung des Unternehmens durch Wenzel Schreiber und seine S\u00f6hne Hugo und Ernst in Nauheim bei Gro\u00df-Gerau<\/p>\n<\/div>\n<\/div>\n<\/div>\n<p><!-- Timeline Content --><\/p>\n<div id=\"ctl-story-2284\" class=\"ctl-story ctl-story-icon even ctl-story-right\" data-story-index=\"2\" role=\"article\"><!-- Story Icon --><\/p>\n<div class=\"ctl-icon\"><i class=\"fa fa-clock-o\" aria-hidden=\"true\"><\/i><\/div>\n<p> <!-- Story Arrow --><\/p>\n<div class=\"ctl-arrow\"><\/div>\n<p>\t\t\t<!-- Story Content --><\/p>\n<div class=\"ctl-content\"><!-- Story Title --> <\/p>\n<div class=\"ctl-title story-2284\" role=\"heading\" aria-level=\"2\"><a target=\"_self\" title=\"1951\" href=\"https:\/\/www.w-schreiber.com\/en\/timeline\/1951\/\" class=\"story-link\">1951<\/a><\/div>\n<p><!-- Story Media --><\/p>\n<div class=\"ctl-media full\"><a data-glightbox=\"1951\" href=\"https:\/\/wpmanager.buffet-group.com\/schreiber\/wp-content\/uploads\/sites\/12\/2021\/03\/1950.jpg\" class=\"ctl_glightbox\"><img loading=\"lazy\" decoding=\"async\" width=\"650\" height=\"400\" src=\"https:\/\/wpmanager.buffet-group.com\/schreiber\/wp-content\/uploads\/sites\/12\/2021\/03\/1950.jpg\" class=\"story-img wp-post-image\" alt=\"1951\" srcset=\"https:\/\/wpmanager.buffet-group.com\/schreiber\/wp-content\/uploads\/sites\/12\/2021\/03\/1950.jpg 650w, https:\/\/wpmanager.buffet-group.com\/schreiber\/wp-content\/uploads\/sites\/12\/2021\/03\/1950-300x185.jpg 300w, https:\/\/wpmanager.buffet-group.com\/schreiber\/wp-content\/uploads\/sites\/12\/2021\/03\/1950-633x390.jpg 633w, https:\/\/wpmanager.buffet-group.com\/schreiber\/wp-content\/uploads\/sites\/12\/2021\/03\/1950-210x129.jpg 210w, https:\/\/wpmanager.buffet-group.com\/schreiber\/wp-content\/uploads\/sites\/12\/2021\/03\/1950-245x151.jpg 245w\" sizes=\"auto, (max-width: 650px) 100vw, 650px\" \/><\/a><\/div>\n<p><!-- Story Description --><\/p>\n<div class=\"ctl-description\">\n<p>Zun\u00e4chst Reparatur von Holzblasinstrumenten, ab ca. 1951 Beginn der Fertigung von eigenen Instrumenten wie Fagotte, Klarinetten und Blockfl\u00f6ten, sp\u00e4ter auch Querfl\u00f6ten<\/p>\n<\/div>\n<\/div>\n<\/div>\n<p><!-- Timeline Content --><\/p>\n<div id=\"ctl-story-2279\" class=\"ctl-story ctl-story-icon odd ctl-story-left\" data-story-index=\"3\" role=\"article\"><!-- Story Icon --><\/p>\n<div class=\"ctl-icon\"><i class=\"fa fa-clock-o\" aria-hidden=\"true\"><\/i><\/div>\n<p> <!-- Story Arrow --><\/p>\n<div class=\"ctl-arrow\"><\/div>\n<p>\t\t\t<!-- Story Content --><\/p>\n<div class=\"ctl-content\"><!-- Story Title --> <\/p>\n<div class=\"ctl-title story-2279\" role=\"heading\" aria-level=\"2\"><a target=\"_self\" title=\"1968\" href=\"https:\/\/www.w-schreiber.com\/en\/timeline\/1968\/\" class=\"story-link\">1968<\/a><\/div>\n<p><!-- Story Media --><\/p>\n<div class=\"ctl-media full\"><a data-glightbox=\"1968\" href=\"https:\/\/wpmanager.buffet-group.com\/schreiber\/wp-content\/uploads\/sites\/12\/2021\/05\/1968photo.jpg\" class=\"ctl_glightbox\"><img loading=\"lazy\" decoding=\"async\" width=\"650\" height=\"400\" src=\"https:\/\/wpmanager.buffet-group.com\/schreiber\/wp-content\/uploads\/sites\/12\/2021\/05\/1968photo.jpg\" class=\"story-img wp-post-image\" alt=\"1968\" srcset=\"https:\/\/wpmanager.buffet-group.com\/schreiber\/wp-content\/uploads\/sites\/12\/2021\/05\/1968photo.jpg 650w, https:\/\/wpmanager.buffet-group.com\/schreiber\/wp-content\/uploads\/sites\/12\/2021\/05\/1968photo-300x185.jpg 300w, https:\/\/wpmanager.buffet-group.com\/schreiber\/wp-content\/uploads\/sites\/12\/2021\/05\/1968photo-633x390.jpg 633w, https:\/\/wpmanager.buffet-group.com\/schreiber\/wp-content\/uploads\/sites\/12\/2021\/05\/1968photo-210x129.jpg 210w, https:\/\/wpmanager.buffet-group.com\/schreiber\/wp-content\/uploads\/sites\/12\/2021\/05\/1968photo-245x151.jpg 245w\" sizes=\"auto, (max-width: 650px) 100vw, 650px\" \/><\/a><\/div>\n<p><!-- Story Description --><\/p>\n<div class=\"ctl-description\">\n<p>Besonderheiten in der Firmengeschichte waren unter anderem Klarinettenmodelle aus Kunststoff sowie schwarze Fagotte, die f\u00fcr den USA-Markt hergestellt wurden.<\/p>\n<\/div>\n<\/div>\n<\/div>\n<p><!-- Timeline Content --><\/p>\n<div id=\"ctl-story-2283\" class=\"ctl-story ctl-story-icon even ctl-story-right\" data-story-index=\"4\" role=\"article\"><!-- Story Icon --><\/p>\n<div class=\"ctl-icon\"><i class=\"fa fa-clock-o\" aria-hidden=\"true\"><\/i><\/div>\n<p> <!-- Story Arrow --><\/p>\n<div class=\"ctl-arrow\"><\/div>\n<p>\t\t\t<!-- Story Content --><\/p>\n<div class=\"ctl-content\"><!-- Story Title --> <\/p>\n<div class=\"ctl-title story-2283\" role=\"heading\" aria-level=\"2\"><a target=\"_self\" title=\"1980\" href=\"https:\/\/www.w-schreiber.com\/en\/timeline\/1980\/\" class=\"story-link\">1980<\/a><\/div>\n<p><!-- Story Media --><\/p>\n<div class=\"ctl-media full\"><a data-glightbox=\"1980\" href=\"https:\/\/wpmanager.buffet-group.com\/schreiber\/wp-content\/uploads\/sites\/12\/2021\/03\/1960.jpg\" class=\"ctl_glightbox\"><img loading=\"lazy\" decoding=\"async\" width=\"650\" height=\"400\" src=\"https:\/\/wpmanager.buffet-group.com\/schreiber\/wp-content\/uploads\/sites\/12\/2021\/03\/1960.jpg\" class=\"story-img wp-post-image\" alt=\"1980\" srcset=\"https:\/\/wpmanager.buffet-group.com\/schreiber\/wp-content\/uploads\/sites\/12\/2021\/03\/1960.jpg 650w, https:\/\/wpmanager.buffet-group.com\/schreiber\/wp-content\/uploads\/sites\/12\/2021\/03\/1960-300x185.jpg 300w, https:\/\/wpmanager.buffet-group.com\/schreiber\/wp-content\/uploads\/sites\/12\/2021\/03\/1960-633x390.jpg 633w, https:\/\/wpmanager.buffet-group.com\/schreiber\/wp-content\/uploads\/sites\/12\/2021\/03\/1960-210x129.jpg 210w, https:\/\/wpmanager.buffet-group.com\/schreiber\/wp-content\/uploads\/sites\/12\/2021\/03\/1960-245x151.jpg 245w\" sizes=\"auto, (max-width: 650px) 100vw, 650px\" \/><\/a><\/div>\n<p><!-- Story Description --><\/p>\n<div class=\"ctl-description\">\n<p>In den 80er Jahren Beginn der Produktion von Oboen und B\u00f6hmklarinetten, welche unter der Marke Buffet Crampon vertrieben wurde.<\/p>\n<p>&nbsp;<\/p>\n<\/div>\n<\/div>\n<\/div>\n<p><!-- Timeline Content --><\/p>\n<div id=\"ctl-story-2282\" class=\"ctl-story ctl-story-icon odd ctl-story-left\" data-story-index=\"5\" role=\"article\"><!-- Story Icon --><\/p>\n<div class=\"ctl-icon\"><i class=\"fa fa-clock-o\" aria-hidden=\"true\"><\/i><\/div>\n<p> <!-- Story Arrow --><\/p>\n<div class=\"ctl-arrow\"><\/div>\n<p>\t\t\t<!-- Story Content --><\/p>\n<div class=\"ctl-content\"><!-- Story Title --> <\/p>\n<div class=\"ctl-title story-2282\" role=\"heading\" aria-level=\"2\"><a target=\"_self\" title=\"1991\" href=\"https:\/\/www.w-schreiber.com\/en\/timeline\/1991\/\" class=\"story-link\">1991<\/a><\/div>\n<p><!-- Story Media --><\/p>\n<div class=\"ctl-media full\"><a data-glightbox=\"1991\" href=\"https:\/\/wpmanager.buffet-group.com\/schreiber\/wp-content\/uploads\/sites\/12\/2021\/04\/photo.jpg\" class=\"ctl_glightbox\"><img loading=\"lazy\" decoding=\"async\" width=\"650\" height=\"400\" src=\"https:\/\/wpmanager.buffet-group.com\/schreiber\/wp-content\/uploads\/sites\/12\/2021\/04\/photo.jpg\" class=\"story-img wp-post-image\" alt=\"1991\" srcset=\"https:\/\/wpmanager.buffet-group.com\/schreiber\/wp-content\/uploads\/sites\/12\/2021\/04\/photo.jpg 650w, https:\/\/wpmanager.buffet-group.com\/schreiber\/wp-content\/uploads\/sites\/12\/2021\/04\/photo-300x185.jpg 300w, https:\/\/wpmanager.buffet-group.com\/schreiber\/wp-content\/uploads\/sites\/12\/2021\/04\/photo-633x390.jpg 633w, https:\/\/wpmanager.buffet-group.com\/schreiber\/wp-content\/uploads\/sites\/12\/2021\/04\/photo-210x129.jpg 210w, https:\/\/wpmanager.buffet-group.com\/schreiber\/wp-content\/uploads\/sites\/12\/2021\/04\/photo-245x151.jpg 245w\" sizes=\"auto, (max-width: 650px) 100vw, 650px\" \/><\/a><\/div>\n<p><!-- Story Description --><\/p>\n<div class=\"ctl-description\">\n<p>1991 wird in Erlbach, einem Ortsteil von der Musikinstrumentenstadt Markneukirchen (Deutschland, Vogtland) ein weiterer Produktionsstandort er\u00f6ffnet.<\/p>\n<\/div>\n<\/div>\n<\/div>\n<p><!-- Timeline Content --><\/p>\n<div id=\"ctl-story-2281\" class=\"ctl-story ctl-story-icon even ctl-story-right\" data-story-index=\"6\" role=\"article\"><!-- Story Icon --><\/p>\n<div class=\"ctl-icon\"><i class=\"fa fa-clock-o\" aria-hidden=\"true\"><\/i><\/div>\n<p> <!-- Story Arrow --><\/p>\n<div class=\"ctl-arrow\"><\/div>\n<p>\t\t\t<!-- Story Content --><\/p>\n<div class=\"ctl-content\"><!-- Story Title --> <\/p>\n<div class=\"ctl-title story-2281\" role=\"heading\" aria-level=\"2\"><a target=\"_self\" title=\"2001\" href=\"https:\/\/www.w-schreiber.com\/en\/timeline\/2001\/\" class=\"story-link\">2001<\/a><\/div>\n<p><!-- Story Media --><\/p>\n<div class=\"ctl-media full\"><a data-glightbox=\"2001\" href=\"https:\/\/wpmanager.buffet-group.com\/schreiber\/wp-content\/uploads\/sites\/12\/2021\/04\/2001-a.jpg\" class=\"ctl_glightbox\"><img loading=\"lazy\" decoding=\"async\" width=\"650\" height=\"400\" src=\"https:\/\/wpmanager.buffet-group.com\/schreiber\/wp-content\/uploads\/sites\/12\/2021\/04\/2001-a.jpg\" class=\"story-img wp-post-image\" alt=\"2001\" srcset=\"https:\/\/wpmanager.buffet-group.com\/schreiber\/wp-content\/uploads\/sites\/12\/2021\/04\/2001-a.jpg 650w, https:\/\/wpmanager.buffet-group.com\/schreiber\/wp-content\/uploads\/sites\/12\/2021\/04\/2001-a-300x185.jpg 300w, https:\/\/wpmanager.buffet-group.com\/schreiber\/wp-content\/uploads\/sites\/12\/2021\/04\/2001-a-633x390.jpg 633w, https:\/\/wpmanager.buffet-group.com\/schreiber\/wp-content\/uploads\/sites\/12\/2021\/04\/2001-a-210x129.jpg 210w, https:\/\/wpmanager.buffet-group.com\/schreiber\/wp-content\/uploads\/sites\/12\/2021\/04\/2001-a-245x151.jpg 245w\" sizes=\"auto, (max-width: 650px) 100vw, 650px\" \/><\/a><\/div>\n<p><!-- Story Description --><\/p>\n<div class=\"ctl-description\">\n<p>2001 startet in einem neuen Werk in Markneukirchen die Produktion.<\/p>\n<\/div>\n<\/div>\n<\/div>\n<p><!-- Timeline Content --><\/p>\n<div id=\"ctl-story-2280\" class=\"ctl-story ctl-story-icon odd ctl-story-left\" data-story-index=\"7\" role=\"article\"><!-- Story Icon --><\/p>\n<div class=\"ctl-icon\"><i class=\"fa fa-clock-o\" aria-hidden=\"true\"><\/i><\/div>\n<p> <!-- Story Arrow --><\/p>\n<div class=\"ctl-arrow\"><\/div>\n<p>\t\t\t<!-- Story Content --><\/p>\n<div class=\"ctl-content\"><!-- Story Title --> <\/p>\n<div class=\"ctl-title story-2280\" role=\"heading\" aria-level=\"2\"><a target=\"_self\" title=\"2010\" href=\"https:\/\/www.w-schreiber.com\/en\/timeline\/2010\/\" class=\"story-link\">2010<\/a><\/div>\n<p><!-- Story Media --><\/p>\n<div class=\"ctl-media full\"><a data-glightbox=\"2010\" href=\"https:\/\/wpmanager.buffet-group.com\/schreiber\/wp-content\/uploads\/sites\/12\/2021\/04\/2001-b.jpg\" class=\"ctl_glightbox\"><img loading=\"lazy\" decoding=\"async\" width=\"650\" height=\"400\" src=\"https:\/\/wpmanager.buffet-group.com\/schreiber\/wp-content\/uploads\/sites\/12\/2021\/04\/2001-b.jpg\" class=\"story-img wp-post-image\" alt=\"2010\" srcset=\"https:\/\/wpmanager.buffet-group.com\/schreiber\/wp-content\/uploads\/sites\/12\/2021\/04\/2001-b.jpg 650w, https:\/\/wpmanager.buffet-group.com\/schreiber\/wp-content\/uploads\/sites\/12\/2021\/04\/2001-b-300x185.jpg 300w, https:\/\/wpmanager.buffet-group.com\/schreiber\/wp-content\/uploads\/sites\/12\/2021\/04\/2001-b-633x390.jpg 633w, https:\/\/wpmanager.buffet-group.com\/schreiber\/wp-content\/uploads\/sites\/12\/2021\/04\/2001-b-210x129.jpg 210w, https:\/\/wpmanager.buffet-group.com\/schreiber\/wp-content\/uploads\/sites\/12\/2021\/04\/2001-b-245x151.jpg 245w\" sizes=\"auto, (max-width: 650px) 100vw, 650px\" \/><\/a><\/div>\n<p><!-- Story Description --><\/p>\n<div class=\"ctl-description\">\n<p>2010 die Marken Wenzel Schreiber und Julius Keilwerth werden von der Firma Buffet Crampon \u00fcbernommen, die selbst eine lange Tradition im Bau und Vertrieb von Instrumenten vorzuweisen hat.<\/p>\n<\/div>\n<\/div>\n<\/div><\/div>\n<div class=\"ctl-end\"><\/div>\n<p>\t\t\t\t\t\t\t\t\t\t<!-- Each Timeline Style --><\/p>\n<style id=\"cool_timeline_1-styles\" type=\"text\/css\">\n\t\t\t\t\t\t.ctl-wrapper .cool-timeline-wrapper.ctl-vertical-wrapper.ctl-design-3 {--ctw-cbx-title-color: #666666;--ctw-ybx-bg: #025149;}\t\t\t\t\t\t\/* Specific Story Style Start *\/\/* Specific Story Style End *\/\t\t\t\t\t<\/style>\n<\/p><\/div>\n<\/p><\/div>\n","protected":false},"excerpt":{"rendered":"","protected":false},"author":1,"featured_media":0,"parent":0,"menu_order":0,"comment_status":"closed","ping_status":"closed","template":"","meta":{"_acf_changed":false,"_relevanssi_hide_post":"","_relevanssi_pin_for_all":"","_relevanssi_pin_keywords":"","_relevanssi_unpin_keywords":"","_relevanssi_related_keywords":"","_relevanssi_related_include_ids":"","_relevanssi_related_exclude_ids":"","_relevanssi_related_no_append":"","_relevanssi_related_not_related":"","_relevanssi_related_posts":"","_relevanssi_noindex_reason":"","footnotes":""},"class_list":["post-2032","page","type-page","status-publish","hentry"],"acf":[],"yoast_head":"<!-- This site is optimized with the Yoast SEO plugin v27.4 - https:\/\/yoast.com\/product\/yoast-seo-wordpress\/ -->\n<title>Our story - W. Schreiber<\/title>\n<meta name=\"robots\" content=\"index, follow, max-snippet:-1, max-image-preview:large, max-video-preview:-1\" \/>\n<link rel=\"canonical\" href=\"https:\/\/www.w-schreiber.com\/en\/our-story-2\/\" \/>\n<meta property=\"og:locale\" content=\"en_US\" \/>\n<meta property=\"og:type\" content=\"article\" \/>\n<meta property=\"og:title\" content=\"Our story - W. Schreiber\" \/>\n<meta property=\"og:url\" content=\"https:\/\/www.w-schreiber.com\/en\/our-story-2\/\" \/>\n<meta property=\"og:site_name\" content=\"W. Schreiber\" \/>\n<meta property=\"article:publisher\" content=\"https:\/\/www.facebook.com\/WSchreiberInstruments\" \/>\n<meta property=\"article:modified_time\" content=\"2021-10-25T15:19:06+00:00\" \/>\n<meta name=\"twitter:card\" content=\"summary_large_image\" \/>\n<script type=\"application\/ld+json\" class=\"yoast-schema-graph\">{\"@context\":\"https:\\\/\\\/schema.org\",\"@graph\":[{\"@type\":\"WebPage\",\"@id\":\"https:\\\/\\\/www.w-schreiber.com\\\/en\\\/our-story-2\\\/\",\"url\":\"https:\\\/\\\/www.w-schreiber.com\\\/en\\\/our-story-2\\\/\",\"name\":\"Our story - W. Schreiber\",\"isPartOf\":{\"@id\":\"https:\\\/\\\/www.w-schreiber.com\\\/en\\\/#website\"},\"datePublished\":\"2021-04-21T15:34:03+00:00\",\"dateModified\":\"2021-10-25T15:19:06+00:00\",\"inLanguage\":\"en-US\",\"potentialAction\":[{\"@type\":\"ReadAction\",\"target\":[\"https:\\\/\\\/www.w-schreiber.com\\\/en\\\/our-story-2\\\/\"]}]},{\"@type\":\"WebSite\",\"@id\":\"https:\\\/\\\/www.w-schreiber.com\\\/en\\\/#website\",\"url\":\"https:\\\/\\\/www.w-schreiber.com\\\/en\\\/\",\"name\":\"W. Schreiber\",\"description\":\"\",\"publisher\":{\"@id\":\"https:\\\/\\\/www.w-schreiber.com\\\/en\\\/#organization\"},\"potentialAction\":[{\"@type\":\"SearchAction\",\"target\":{\"@type\":\"EntryPoint\",\"urlTemplate\":\"https:\\\/\\\/www.w-schreiber.com\\\/en\\\/?s={search_term_string}\"},\"query-input\":{\"@type\":\"PropertyValueSpecification\",\"valueRequired\":true,\"valueName\":\"search_term_string\"}}],\"inLanguage\":\"en-US\"},{\"@type\":\"Organization\",\"@id\":\"https:\\\/\\\/www.w-schreiber.com\\\/en\\\/#organization\",\"name\":\"W. Schreiber\",\"url\":\"https:\\\/\\\/www.w-schreiber.com\\\/en\\\/\",\"logo\":{\"@type\":\"ImageObject\",\"inLanguage\":\"en-US\",\"@id\":\"https:\\\/\\\/www.w-schreiber.com\\\/en\\\/#\\\/schema\\\/logo\\\/image\\\/\",\"url\":\"https:\\\/\\\/wpmanager.buffet-group.com\\\/schreiber\\\/wp-content\\\/uploads\\\/sites\\\/12\\\/2016\\\/05\\\/schreiber_b.png\",\"contentUrl\":\"https:\\\/\\\/wpmanager.buffet-group.com\\\/schreiber\\\/wp-content\\\/uploads\\\/sites\\\/12\\\/2016\\\/05\\\/schreiber_b.png\",\"width\":232,\"height\":232,\"caption\":\"W. Schreiber\"},\"image\":{\"@id\":\"https:\\\/\\\/www.w-schreiber.com\\\/en\\\/#\\\/schema\\\/logo\\\/image\\\/\"},\"sameAs\":[\"https:\\\/\\\/www.facebook.com\\\/WSchreiberInstruments\",\"http:\\\/\\\/www.youtube.com\\\/user\\\/WSchreiberMusik\"]}]}<\/script>\n<!-- \/ Yoast SEO plugin. -->","yoast_head_json":{"title":"Our story - W. Schreiber","robots":{"index":"index","follow":"follow","max-snippet":"max-snippet:-1","max-image-preview":"max-image-preview:large","max-video-preview":"max-video-preview:-1"},"canonical":"https:\/\/www.w-schreiber.com\/en\/our-story-2\/","og_locale":"en_US","og_type":"article","og_title":"Our story - W. Schreiber","og_url":"https:\/\/www.w-schreiber.com\/en\/our-story-2\/","og_site_name":"W. Schreiber","article_publisher":"https:\/\/www.facebook.com\/WSchreiberInstruments","article_modified_time":"2021-10-25T15:19:06+00:00","twitter_card":"summary_large_image","schema":{"@context":"https:\/\/schema.org","@graph":[{"@type":"WebPage","@id":"https:\/\/www.w-schreiber.com\/en\/our-story-2\/","url":"https:\/\/www.w-schreiber.com\/en\/our-story-2\/","name":"Our story - W. Schreiber","isPartOf":{"@id":"https:\/\/www.w-schreiber.com\/en\/#website"},"datePublished":"2021-04-21T15:34:03+00:00","dateModified":"2021-10-25T15:19:06+00:00","inLanguage":"en-US","potentialAction":[{"@type":"ReadAction","target":["https:\/\/www.w-schreiber.com\/en\/our-story-2\/"]}]},{"@type":"WebSite","@id":"https:\/\/www.w-schreiber.com\/en\/#website","url":"https:\/\/www.w-schreiber.com\/en\/","name":"W. Schreiber","description":"","publisher":{"@id":"https:\/\/www.w-schreiber.com\/en\/#organization"},"potentialAction":[{"@type":"SearchAction","target":{"@type":"EntryPoint","urlTemplate":"https:\/\/www.w-schreiber.com\/en\/?s={search_term_string}"},"query-input":{"@type":"PropertyValueSpecification","valueRequired":true,"valueName":"search_term_string"}}],"inLanguage":"en-US"},{"@type":"Organization","@id":"https:\/\/www.w-schreiber.com\/en\/#organization","name":"W. Schreiber","url":"https:\/\/www.w-schreiber.com\/en\/","logo":{"@type":"ImageObject","inLanguage":"en-US","@id":"https:\/\/www.w-schreiber.com\/en\/#\/schema\/logo\/image\/","url":"https:\/\/wpmanager.buffet-group.com\/schreiber\/wp-content\/uploads\/sites\/12\/2016\/05\/schreiber_b.png","contentUrl":"https:\/\/wpmanager.buffet-group.com\/schreiber\/wp-content\/uploads\/sites\/12\/2016\/05\/schreiber_b.png","width":232,"height":232,"caption":"W. Schreiber"},"image":{"@id":"https:\/\/www.w-schreiber.com\/en\/#\/schema\/logo\/image\/"},"sameAs":["https:\/\/www.facebook.com\/WSchreiberInstruments","http:\/\/www.youtube.com\/user\/WSchreiberMusik"]}]}},"_links":{"self":[{"href":"https:\/\/www.w-schreiber.com\/en\/wp-json\/wp\/v2\/pages\/2032","targetHints":{"allow":["GET"]}}],"collection":[{"href":"https:\/\/www.w-schreiber.com\/en\/wp-json\/wp\/v2\/pages"}],"about":[{"href":"https:\/\/www.w-schreiber.com\/en\/wp-json\/wp\/v2\/types\/page"}],"author":[{"embeddable":true,"href":"https:\/\/www.w-schreiber.com\/en\/wp-json\/wp\/v2\/users\/1"}],"replies":[{"embeddable":true,"href":"https:\/\/www.w-schreiber.com\/en\/wp-json\/wp\/v2\/comments?post=2032"}],"version-history":[{"count":2,"href":"https:\/\/www.w-schreiber.com\/en\/wp-json\/wp\/v2\/pages\/2032\/revisions"}],"predecessor-version":[{"id":2286,"href":"https:\/\/www.w-schreiber.com\/en\/wp-json\/wp\/v2\/pages\/2032\/revisions\/2286"}],"wp:attachment":[{"href":"https:\/\/www.w-schreiber.com\/en\/wp-json\/wp\/v2\/media?parent=2032"}],"curies":[{"name":"wp","href":"https:\/\/api.w.org\/{rel}","templated":true}]}}